{"id":20,"date":"2018-12-17T05:26:39","date_gmt":"2018-12-17T05:26:39","guid":{"rendered":"http:\/\/servicevisionland.bcntic.com\/?page_id=20"},"modified":"2025-05-29T14:07:43","modified_gmt":"2025-05-29T14:07:43","slug":"contacto","status":"publish","type":"page","link":"https:\/\/www.servicevision.es\/es\/contacto\/","title":{"rendered":"Contacto"},"content":{"rendered":"<p>[vc_row full_width=\u00bbstretch_row_content_no_spaces\u00bb css=\u00bb.vc_custom_1548136745350{background-color: #eeeeee !important;}\u00bb][vc_column][vc_row_inner][vc_column_inner][vc_custom_heading text=\u00bbCONTACTO\u00bb font_container=\u00bbtag:h2|text_align:center\u00bb use_theme_fonts=\u00bbyes\u00bb][vc_raw_html]JTNDZGl2JTIwY2xhc3MlM0QlMjJlbmNhYmV6YWRvLWxpbmUlMjIlM0UlM0MlMkZkaXYlM0U=[\/vc_raw_html][vc_column_text el_class=\u00bbnoticies_home_text\u00bb css=\u00bb.vc_custom_1618955703840{padding-top: 30px !important;padding-bottom: 30px !important;}\u00bb]<\/p>\n<h4>CONTACTA CON NOSOTROS<\/h4>\n<p>[\/vc_column_text][\/vc_column_inner][\/vc_row_inner][\/vc_column][\/vc_row][vc_row full_width=\u00bbstretch_row_content_no_spaces\u00bb full_height=\u00bbyes\u00bb equal_height=\u00bbyes\u00bb content_placement=\u00bbmiddle\u00bb css=\u00bb.vc_custom_1548093059445{background-color: #eeeeee !important;}\u00bb][vc_column][vc_row_inner gap=\u00bb25&#8243; el_class=\u00bbcontact_adress_rows\u00bb][vc_column_inner][vc_custom_heading text=\u00bbServicevision BIS S.L.\u00bb font_container=\u00bbtag:h2|text_align:left|color:%2304466f\u00bb use_theme_fonts=\u00bbyes\u00bb css_animation=\u00bbfadeIn\u00bb][vc_column_text]<\/p>\n<h4><strong>Direcci\u00f3n<\/strong> : C\\ Rios Rosas, 20<\/h4>\n<h4>08940 Cornella De Llobregat &#8211; Barcelona &#8211; Spain<\/h4>\n<h4><strong>Tel\u00e9fono<\/strong> : +34 93 223 86 30<\/h4>\n<h4><strong>Fax<\/strong> : +34 93 223 86 31<\/h4>\n<p>[\/vc_column_text][vc_empty_space][vc_gmaps link=\u00bb#E-8_JTNDaWZyYW1lJTIwc3JjJTNEJTIyaHR0cHMlM0ElMkYlMkZ3d3cuZ29vZ2xlLmNvbSUyRm1hcHMlMkZlbWJlZCUzRnBiJTNEJTIxMW0xOCUyMTFtMTIlMjExbTMlMjExZDI5OTQuNjkxODkzNzM2MzI4NCUyMTJkMi4wODcwODYzMTU4NTY2NTM1JTIxM2Q0MS4zNTkwNTAxNzkyNjY3NyUyMTJtMyUyMTFmMCUyMTJmMCUyMTNmMCUyMTNtMiUyMTFpMTAyNCUyMTJpNzY4JTIxNGYxMy4xJTIxM20zJTIxMW0yJTIxMXMweDEyYTQ5OTNlZTY0MzIyYWQlMjUzQTB4NDkxYTZmMzQ3ODFlMGY4YiUyMTJzU2VydmljZXZpc2lvbiUyMTVlMCUyMTNtMiUyMTFzZXMlMjEyc2VzJTIxNHYxNTQ4MDg4MDM0MzEzJTIyJTIwd2lkdGglM0QlMjI2MDAlMjIlMjBoZWlnaHQlM0QlMjI0NTAlMjIlMjBmcmFtZWJvcmRlciUzRCUyMjAlMjIlMjBzdHlsZSUzRCUyMmJvcmRlciUzQTAlMjIlMjBhbGxvd2Z1bGxzY3JlZW4lM0UlM0MlMkZpZnJhbWUlM0U=\u00bb][vc_empty_space][\/vc_column_inner][\/vc_row_inner][\/vc_column][\/vc_row][vc_row][vc_column][vc_empty_space][\/vc_column][\/vc_row][vc_row equal_height=\u00bbyes\u00bb el_class=\u00bbcontact_border\u00bb][vc_column width=\u00bb2\/3&#8243;][vc_custom_heading text=\u00bbContacta con Servicevision\u00bb use_theme_fonts=\u00bbyes\u00bb el_class=\u00bbcontact_capitalize\u00bb][vc_empty_space]\n<div class=\"wpcf7 no-js\" id=\"wpcf7-f9-o1\" lang=\"es-ES\" dir=\"ltr\">\n<div class=\"screen-reader-response\"><p role=\"status\" aria-live=\"polite\" aria-atomic=\"true\"><\/p> <ul><\/ul><\/div>\n<form action=\"\/es\/wp-json\/wp\/v2\/pages\/20#wpcf7-f9-o1\" method=\"post\" class=\"wpcf7-form init\" aria-label=\"Formulario de contacto\" novalidate=\"novalidate\" data-status=\"init\">\n<div style=\"display: none;\">\n<input type=\"hidden\" name=\"_wpcf7\" value=\"9\" \/>\n<input type=\"hidden\" name=\"_wpcf7_version\" value=\"5.7.7\" \/>\n<input type=\"hidden\" name=\"_wpcf7_locale\" value=\"es_ES\" \/>\n<input type=\"hidden\" name=\"_wpcf7_unit_tag\" value=\"wpcf7-f9-o1\" \/>\n<input type=\"hidden\" name=\"_wpcf7_container_post\" value=\"0\" \/>\n<input type=\"hidden\" name=\"_wpcf7_posted_data_hash\" value=\"\" \/>\n<input type=\"hidden\" name=\"_wpcf7_recaptcha_response\" value=\"\" \/>\n<\/div>\n<p><label> Tu nombre (requerido)<br \/>\n<span class=\"wpcf7-form-control-wrap\" data-name=\"your-name\"><input size=\"40\" class=\"wpcf7-form-control wpcf7-text wpcf7-validates-as-required\" aria-required=\"true\" aria-invalid=\"false\" value=\"\" type=\"text\" name=\"your-name\" \/><\/span> <\/label>\n<\/p>\n<p><label> Departamentos (requerido)<br \/>\n<span class=\"wpcf7-form-control-wrap\" data-name=\"departmentEmail\"><select class=\"wpcf7-form-control wpcf7-select wpcf7-validates-as-required\" aria-required=\"true\" aria-invalid=\"false\" name=\"departmentEmail\"><option value=\"Grips y plat\u00f3s\">Grips y plat\u00f3s<\/option><option value=\"C\u00e1maras\">C\u00e1maras<\/option><option value=\"Luces\">Luces<\/option><option value=\"Compras Scorpio\">Compras Scorpio<\/option><option value=\"Administraci\u00f3n\">Administraci\u00f3n<\/option><\/select><\/span><\/label>\n<\/p>\n<p><label> Tu correo electr\u00f3nico (requerido)<br \/>\n<span class=\"wpcf7-form-control-wrap\" data-name=\"your-email\"><input size=\"40\" class=\"wpcf7-form-control wpcf7-text wpcf7-email wpcf7-validates-as-required wpcf7-validates-as-email\" aria-required=\"true\" aria-invalid=\"false\" value=\"\" type=\"email\" name=\"your-email\" \/><\/span> <\/label>\n<\/p>\n<p><label> Asunto<br \/>\n<span class=\"wpcf7-form-control-wrap\" data-name=\"your-subject\"><input size=\"40\" class=\"wpcf7-form-control wpcf7-text\" aria-invalid=\"false\" value=\"\" type=\"text\" name=\"your-subject\" \/><\/span> <\/label>\n<\/p>\n<p><label> Tu mensaje<br \/>\n<span class=\"wpcf7-form-control-wrap\" data-name=\"your-message\"><textarea cols=\"40\" rows=\"10\" class=\"wpcf7-form-control wpcf7-textarea\" aria-invalid=\"false\" name=\"your-message\"><\/textarea><\/span> <\/label>\n<\/p>\n<p>SERVICEVISION BIS, S.L. como responsable del tratamiento tratar\u00e1 tus datos con la finalidad de dar respuesta a tu consulta o petici\u00f3n. Puedes acceder, rectificar y suprimir tus datos, as\u00ed como ejercer otros derechos consultando la informaci\u00f3n adicional y detallada sobre protecci\u00f3n de datos en nuestra <a href=\"\/politica-de-privacidad\" target=\"_blank\">Pol\u00edtica de Privacidad<\/a>.\n<\/p>\n<p><span class=\"wpcf7-form-control-wrap\" data-name=\"acceptance-449\"><span class=\"wpcf7-form-control wpcf7-acceptance\"><span class=\"wpcf7-list-item\"><label><input type=\"checkbox\" name=\"acceptance-449\" value=\"1\" aria-invalid=\"false\" \/><span class=\"wpcf7-list-item-label\">He le\u00eddo y acepto las condiciones contenidas en la <a href=\"\/politica-de-privacidad\" target=\"_blank\">Pol\u00edtica de privacidad<\/a> sobre el tratamiento de mis datos para gestionar mi\nconsulta o petici\u00f3n.<\/span><\/label><\/span><\/span><\/span>\n<\/p>\n<p><input class=\"wpcf7-form-control has-spinner wpcf7-submit\" type=\"submit\" value=\"Enviar\" \/>\n<\/p><p style=\"display: none !important;\"><label>&#916;<textarea name=\"_wpcf7_ak_hp_textarea\" cols=\"45\" rows=\"8\" maxlength=\"100\"><\/textarea><\/label><input type=\"hidden\" id=\"ak_js_1\" name=\"_wpcf7_ak_js\" value=\"68\"\/><script>document.getElementById( \"ak_js_1\" ).setAttribute( \"value\", ( new Date() ).getTime() );<\/script><\/p><div class=\"wpcf7-response-output\" aria-hidden=\"true\"><\/div>\n<\/form>\n<\/div>\n[\/vc_column][vc_column width=\u00bb1\/3&#8243;][vc_custom_heading text=\u00bbAlquiler de grips y plat\u00f3\u00bb font_container=\u00bbtag:h3|text_align:left|color:%2304466f\u00bb use_theme_fonts=\u00bbyes\u00bb][vc_column_text]<\/p>\n<div class=\"fieldset-wrapper\">\n<div class=\"field field-name-field-departamentos-gruas field-type-text-long field-label-hidden\">\n<div class=\"field-items\">\n<div class=\"field-item even\">\n<div>\n<ul class=\"svs-list-caracteristicas\">\n<li>\u00a0 M\u00aa Angeles Casal<\/li>\n<li>\u00a0 Montserrat Garc\u00eda<\/li>\n<li>\u00a0 Mar\u00eda Caballero<\/li>\n<li><a href=\"mailto:grips@servicevision.es\">\u00a0 grips@servicevision.es<\/a><\/li>\n<\/ul>\n<\/div>\n<\/div>\n<\/div>\n<\/div>\n<\/div>\n<p>[\/vc_column_text][vc_custom_heading text=\u00bbAlquiler de c\u00e1maras\u00bb font_container=\u00bbtag:h3|text_align:left|color:%2304466f\u00bb use_theme_fonts=\u00bbyes\u00bb][vc_column_text]<\/p>\n<ul>\n<li>Hector Gir\u00f3<\/li>\n<li>David Gir\u00f3<\/li>\n<li><a href=\"mailto:camaras@servicevision.es\">camaras@servicevision.es<\/a><\/li>\n<\/ul>\n<p>[\/vc_column_text][vc_custom_heading text=\u00bbAlquiler de luces\u00bb font_container=\u00bbtag:h3|text_align:left|color:%2304466f\u00bb use_theme_fonts=\u00bbyes\u00bb][vc_column_text]<\/p>\n<div class=\"fieldset-wrapper\">\n<div class=\"field field-name-field-departamentos-luces field-type-text-long field-label-hidden\">\n<div class=\"field-items\">\n<div class=\"field-item even\">\n<div>\n<ul class=\"svs-list-caracteristicas\">\n<li>Andy Vizca\u00edno<\/li>\n<li>Francesc Aris\u00f3<\/li>\n<li><a href=\"mailto:luces@servicevision.es\">luces@servicevision.es<\/a><\/li>\n<\/ul>\n<\/div>\n<\/div>\n<\/div>\n<\/div>\n<\/div>\n<p>[\/vc_column_text][vc_custom_heading text=\u00bbCompras Scorpio\u00bb font_container=\u00bbtag:h3|text_align:left|color:%2304466f\u00bb use_theme_fonts=\u00bbyes\u00bb][vc_column_text]<\/p>\n<ul>\n<li class=\"x_MsoNormal\"><span lang=\"CA\">Pedro Povill<\/span><\/li>\n<li class=\"x_MsoNormal\"><span lang=\"CA\"><a href=\"mailto:povill@servicevision.es\" target=\"_blank\" rel=\"noopener noreferrer\" data-auth=\"NotApplicable\" data-linkindex=\"0\">povill@servicevision.es<\/a><\/span><\/li>\n<li class=\"x_MsoNormal\"><span lang=\"CA\">Thais Valles<\/span><\/li>\n<li class=\"x_MsoNormal\"><span lang=\"CA\"><a href=\"mailto:tvalles@servicevision.es\" target=\"_blank\" rel=\"noopener noreferrer\" data-auth=\"NotApplicable\" data-linkindex=\"1\">tvalles@servicevision.es<\/a><\/span><\/li>\n<\/ul>\n<p class=\"x_MsoNormal\"><span lang=\"CA\">\u00a0<\/span><\/p>\n<p>[\/vc_column_text][\/vc_column][\/vc_row]<\/p>\n","protected":false},"excerpt":{"rendered":"<p>[vc_row full_width=\u00bbstretch_row_content_no_spaces\u00bb css=\u00bb.vc_custom_1548136745350{background-color: #eeeeee !important;}\u00bb][vc_column][vc_row_inner][vc_column_inner][vc_custom_heading text=\u00bbCONTACTO\u00bb font_container=\u00bbtag:h2|text_align:center\u00bb use_theme_fonts=\u00bbyes\u00bb][vc_raw_html]JTNDZGl2JTIwY2xhc3MlM0QlMjJlbmNhYmV6YWRvLWxpbmUlMjIlM0UlM0MlMkZkaXYlM0U=[\/vc_raw_html][vc_column_text el_class=\u00bbnoticies_home_text\u00bb css=\u00bb.vc_custom_1618955703840{padding-top: 30px !important;padding-bottom: 30px !important;}\u00bb] CONTACTA CON NOSOTROS [\/vc_column_text][\/vc_column_inner][\/vc_row_inner][\/vc_column][\/vc_row][vc_row full_width=\u00bbstretch_row_content_no_spaces\u00bb full_height=\u00bbyes\u00bb equal_height=\u00bbyes\u00bb content_placement=\u00bbmiddle\u00bb css=\u00bb.vc_custom_1548093059445{background-color: #eeeeee !important;}\u00bb][vc_column][vc_row_inner gap=\u00bb25&#8243; el_class=\u00bbcontact_adress_rows\u00bb][vc_column_inner][vc_custom_heading text=\u00bbServicevision BIS S.L.\u00bb font_container=\u00bbtag:h2|text_align:left|color:%2304466f\u00bb use_theme_fonts=\u00bbyes\u00bb css_animation=\u00bbfadeIn\u00bb][vc_column_text] Direcci\u00f3n : C\\ Rios Rosas, 20 08940 Cornella De Llobregat &#8211; Barcelona &#8211; Spain Tel\u00e9fono : +34 93 223 86 30 Fax&hellip;<\/p>\n","protected":false},"author":1,"featured_media":0,"parent":0,"menu_order":0,"comment_status":"closed","ping_status":"closed","template":"","meta":[],"_links":{"self":[{"href":"https:\/\/www.servicevision.es\/es\/wp-json\/wp\/v2\/pages\/20"}],"collection":[{"href":"https:\/\/www.servicevision.es\/es\/wp-json\/wp\/v2\/pages"}],"about":[{"href":"https:\/\/www.servicevision.es\/es\/wp-json\/wp\/v2\/types\/page"}],"author":[{"embeddable":true,"href":"https:\/\/www.servicevision.es\/es\/wp-json\/wp\/v2\/users\/1"}],"replies":[{"embeddable":true,"href":"https:\/\/www.servicevision.es\/es\/wp-json\/wp\/v2\/comments?post=20"}],"version-history":[{"count":2,"href":"https:\/\/www.servicevision.es\/es\/wp-json\/wp\/v2\/pages\/20\/revisions"}],"predecessor-version":[{"id":3018,"href":"https:\/\/www.servicevision.es\/es\/wp-json\/wp\/v2\/pages\/20\/revisions\/3018"}],"wp:attachment":[{"href":"https:\/\/www.servicevision.es\/es\/wp-json\/wp\/v2\/media?parent=20"}],"curies":[{"name":"wp","href":"https:\/\/api.w.org\/{rel}","templated":true}]}}