{"id":7,"date":"2018-12-17T05:12:43","date_gmt":"2018-12-17T05:12:43","guid":{"rendered":"http:\/\/servicevisionland.bcntic.com\/?page_id=7"},"modified":"2024-02-01T15:38:56","modified_gmt":"2024-02-01T15:38:56","slug":"inicio","status":"publish","type":"page","link":"https:\/\/www.servicevision.es\/es\/","title":{"rendered":"Inicio"},"content":{"rendered":"<p>[vc_row full_width=\u00bbstretch_row_content_no_spaces\u00bb content_placement=\u00bbtop\u00bb el_id=\u00bbhome-slider-principal\u00bb css=\u00bb.vc_custom_1666892548773{background-color: #000000 !important;}\u00bb][vc_column][vc_raw_html]JTVCc21hcnRzbGlkZXIzJTIwc2xpZGVyJTNEJTIyMiUyMiU1RCUwQQ==[\/vc_raw_html][\/vc_column][\/vc_row][vc_row full_width=\u00bbstretch_row_content_no_spaces\u00bb equal_height=\u00bbyes\u00bb css=\u00bb.vc_custom_1672848887693{padding-top: 30px !important;padding-bottom: 30px !important;background-color: #ededed !important;}\u00bb][vc_column][vc_row_inner el_class=\u00bbcaixa-text-home\u00bb][vc_column_inner][vc_column_text el_class=\u00bbtexto-inicial-home\u00bb]<\/p>\n<p style=\"text-align: center;\">Servicevision es una singular empresa, fundada en 1986 por los hermanos Andr\u00e9s y Alfredo Vall\u00e9s con el objetivo de prestar servicios t\u00e9cnicos a la industria cinematogr\u00e1fica, el desarrollo de sistemas \u00f3pticos, y fabricaci\u00f3n y alquiler de equipos para rodajes cinematogr\u00e1ficos.<\/p>\n<p>[\/vc_column_text][vc_raw_html css=\u00bb.vc_custom_1672847872407{margin-top: 20px !important;}\u00bb]JTNDZGl2JTIwY2xhc3MlM0QlMjJlbmNhYmV6YWRvLWxpbmUlMjIlM0UlM0MlMkZkaXYlM0U=[\/vc_raw_html][\/vc_column_inner][\/vc_row_inner][\/vc_column][\/vc_row][vc_row full_width=\u00bbstretch_row_content\u00bb css=\u00bb.vc_custom_1675097741353{background-color: #ededed !important;}\u00bb el_class=\u00bbsliders-inicio-alqcomp\u00bb][vc_column width=\u00bb1\/2&#8243; el_class=\u00bbhome-alqcomp\u00bb][vc_single_image image=\u00bb2641&#8243; img_size=\u00bbfull\u00bb alignment=\u00bbcenter\u00bb onclick=\u00bbcustom_link\u00bb link=\u00bbhttps:\/\/rental.servicevision.es\/es\/\u00bb el_class=\u00bbanimacion-home\u00bb][\/vc_column][vc_column width=\u00bb1\/2&#8243; el_class=\u00bbhome-alqcomp\u00bb][vc_single_image image=\u00bb2643&#8243; img_size=\u00bbfull\u00bb alignment=\u00bbcenter\u00bb onclick=\u00bbcustom_link\u00bb link=\u00bbhttps:\/\/scorpio.servicevision.es\/es\/\u00bb el_class=\u00bbanimacion-home\u00bb][\/vc_column][\/vc_row][vc_row full_width=\u00bbstretch_row_content_no_spaces\u00bb equal_height=\u00bbyes\u00bb css=\u00bb.vc_custom_1672849378610{background-color: #ededed !important;}\u00bb][vc_column][vc_custom_heading text=\u00bbNOTICIAS\u00bb font_container=\u00bbtag:h1|text_align:center\u00bb use_theme_fonts=\u00bbyes\u00bb el_class=\u00bbencabezado-fuente\u00bb][vc_raw_html]JTNDZGl2JTIwY2xhc3MlM0QlMjJlbmNhYmV6YWRvLWxpbmUlMjIlM0UlM0MlMkZkaXYlM0U=[\/vc_raw_html][vc_column_text]<\/p>\n<h3 style=\"text-align: center;\">\u00daltimas noticias de SERVICEVISION<\/h3>\n<p>[\/vc_column_text][vc_empty_space height=\u00bb30px\u00bb][vc_row_inner][vc_column_inner width=\u00bb1\/6&#8243;][\/vc_column_inner][vc_column_inner width=\u00bb2\/3&#8243;][vc_basic_grid post_type=\u00bbpost\u00bb max_items=\u00bb3&#8243; item=\u00bbmasonryGrid_OverlayWithRotation\u00bb initial_loading_animation=\u00bbnone\u00bb grid_id=\u00bbvc_gid:1706801844125-f5817f44-3a69-6&#8243; taxonomies=\u00bb89&#8243;][vc_empty_space][\/vc_column_inner][vc_column_inner width=\u00bb1\/6&#8243;][\/vc_column_inner][\/vc_row_inner][\/vc_column][\/vc_row][vc_row full_width=\u00bbstretch_row_content_no_spaces\u00bb el_class=\u00bbmailchimp_home\u00bb css=\u00bb.vc_custom_1618958006541{background-color: #000000 !important;}\u00bb][vc_column]\n<div class=\"wpcf7 no-js\" id=\"wpcf7-f1161-o1\" lang=\"es-ES\" dir=\"ltr\">\n<div class=\"screen-reader-response\"><p role=\"status\" aria-live=\"polite\" aria-atomic=\"true\"><\/p> <ul><\/ul><\/div>\n<form action=\"\/es\/wp-json\/wp\/v2\/pages\/7#wpcf7-f1161-o1\" method=\"post\" class=\"wpcf7-form init\" aria-label=\"Formulario de contacto\" novalidate=\"novalidate\" data-status=\"init\">\n<div style=\"display: none;\">\n<input type=\"hidden\" name=\"_wpcf7\" value=\"1161\" \/>\n<input type=\"hidden\" name=\"_wpcf7_version\" value=\"5.7.7\" \/>\n<input type=\"hidden\" name=\"_wpcf7_locale\" value=\"es_ES\" \/>\n<input type=\"hidden\" name=\"_wpcf7_unit_tag\" value=\"wpcf7-f1161-o1\" \/>\n<input type=\"hidden\" name=\"_wpcf7_container_post\" value=\"0\" \/>\n<input type=\"hidden\" name=\"_wpcf7_posted_data_hash\" value=\"\" \/>\n<input type=\"hidden\" name=\"_wpcf7_recaptcha_response\" value=\"\" \/>\n<\/div>\n<div class=\"formulari-newsletter\">\n\t<h2>Suscr\u00edbete a nuestra Newsletter\n\t<\/h2>\n\t<div class=\"newsletter-contact-form\">\n\t\t<p><span class=\"wpcf7-form-control-wrap\" data-name=\"your-email\"><input size=\"40\" class=\"wpcf7-form-control wpcf7-text wpcf7-email wpcf7-validates-as-required wpcf7-validates-as-email\" aria-required=\"true\" aria-invalid=\"false\" value=\"\" type=\"email\" name=\"your-email\" \/><\/span><input class=\"wpcf7-form-control has-spinner wpcf7-submit\" type=\"submit\" value=\"Suscribirse\" \/>\n\t\t<\/p>\n\t<\/div>\n\t<div class=\"checkbox-newsletter\">\n\t\t<p><!-- Mailchimp for WordPress v4.8.10 - https:\/\/www.mc4wp.com\/ --><input type=\"hidden\" name=\"_mc4wp_subscribe_contact-form-7\" value=\"0\" \/><span class=\" mc4wp-checkbox mc4wp-checkbox-contact-form-7\" ><label><input type=\"checkbox\" name=\"_mc4wp_subscribe_contact-form-7\" value=\"1\"  \/><span>\u00a1Suscr\u00edbeme a la lista de correo!<\/span><\/label><\/span><!-- \/ Mailchimp for WordPress -->\n\t\t<\/p>\n\t<\/div>\n<\/div>\n<div class=\"formulari-newsletter-text\">\n\t<p>SERVICEVISION BIS, S.L. como responsable del tratamiento tratar\u00e1 tus datos con la finalidad de remitirte nuestra newsletter con novedades comerciales sobre nuestros servicios. Puedes acceder, rectificar y suprimir tus datos, as\u00ed como ejercer otros derechos consultando la informaci\u00f3n adicional y detallada sobre protecci\u00f3n de datos en nuestra <a href=\"\/politica-de-privacidad\" target=\"_blank\">Pol\u00edtica de privacidad<\/a>.<br \/>\n<span class=\"wpcf7-form-control-wrap\" data-name=\"acceptance-334\"><span class=\"wpcf7-form-control wpcf7-acceptance optional\"><span class=\"wpcf7-list-item\"><label><input type=\"checkbox\" name=\"acceptance-334\" value=\"1\" aria-invalid=\"false\" \/><span class=\"wpcf7-list-item-label\">He le\u00eddo y acepto las condiciones contenidas en la <a href=\"\/politica-de-privacidad\" target=\"_blank\">Pol\u00edtica de privacidad<\/a> sobre el tratamiento de mis datos para el env\u00edo de la newsletter<\/span><\/label><\/span><\/span><\/span>\n\t<\/p>\n<\/div><p style=\"display: none !important;\"><label>&#916;<textarea name=\"_wpcf7_ak_hp_textarea\" cols=\"45\" rows=\"8\" maxlength=\"100\"><\/textarea><\/label><input type=\"hidden\" id=\"ak_js_1\" name=\"_wpcf7_ak_js\" value=\"92\"\/><script>document.getElementById( \"ak_js_1\" ).setAttribute( \"value\", ( new Date() ).getTime() );<\/script><\/p><div class=\"wpcf7-response-output\" aria-hidden=\"true\"><\/div>\n<\/form>\n<\/div>\n[\/vc_column][\/vc_row][vc_row][vc_column][vc_custom_heading text=\u00bbSHOWROOM &#8211; MAKING OFF\u00bb font_container=\u00bbtag:h2|text_align:center\u00bb use_theme_fonts=\u00bbyes\u00bb][vc_raw_html]JTNDZGl2JTIwY2xhc3MlM0QlMjJlbmNhYmV6YWRvLWxpbmUlMjIlM0UlM0MlMkZkaXYlM0U=[\/vc_raw_html][vc_column_text el_class=\u00bbnoticies_home_text\u00bb css=\u00bb.vc_custom_1672849181692{padding-top: 20px !important;}\u00bb]Nuestros proyectos realizados[\/vc_column_text][vc_empty_space height=\u00bb30px\u00bb][\/vc_column][\/vc_row][vc_row css=\u00bb.vc_custom_1672849304823{padding-top: 0px !important;padding-bottom: 0px !important;}\u00bb][vc_column width=\u00bb1\/3&#8243;][vc_video link=\u00bbhttps:\/\/youtu.be\/Qnh-9SaMERk\u00bb title=\u00bbOOREDOO with Leo Messi\u00bb][\/vc_column][vc_column width=\u00bb1\/3&#8243;][vc_video link=\u00bbhttps:\/\/youtu.be\/fGN45kAuzoY\u00bb title=\u00bbGILLETTE with Leo Messi\u00bb][\/vc_column][vc_column width=\u00bb1\/3&#8243;][vc_video link=\u00bbhttps:\/\/www.youtube.com\/watch?v=s0zdB3hNmFM\u00bb title=\u00bbLay&#8217;s Leo Messi. Behind the scenes\u00bb][\/vc_column][\/vc_row][vc_row css=\u00bb.vc_custom_1706801916602{padding-top: 60px !important;}\u00bb][vc_column]<div class=\"martfury-button text-center size-large color-dark \"><a href=\"\/es\/showroom\/\" target=\" _blank\">VER M\u00c1S<\/a><\/div>[\/vc_column][\/vc_row]<\/p>\n","protected":false},"excerpt":{"rendered":"<p>[vc_row full_width=\u00bbstretch_row_content_no_spaces\u00bb content_placement=\u00bbtop\u00bb el_id=\u00bbhome-slider-principal\u00bb css=\u00bb.vc_custom_1666892548773{background-color: #000000 !important;}\u00bb][vc_column][vc_raw_html]JTVCc21hcnRzbGlkZXIzJTIwc2xpZGVyJTNEJTIyMiUyMiU1RCUwQQ==[\/vc_raw_html][\/vc_column][\/vc_row][vc_row full_width=\u00bbstretch_row_content_no_spaces\u00bb equal_height=\u00bbyes\u00bb css=\u00bb.vc_custom_1672848887693{padding-top: 30px !important;padding-bottom: 30px !important;background-color: #ededed !important;}\u00bb][vc_column][vc_row_inner el_class=\u00bbcaixa-text-home\u00bb][vc_column_inner][vc_column_text el_class=\u00bbtexto-inicial-home\u00bb] Servicevision es una singular empresa, fundada en 1986 por los hermanos Andr\u00e9s y Alfredo Vall\u00e9s con el objetivo de prestar servicios t\u00e9cnicos a la industria cinematogr\u00e1fica, el desarrollo de sistemas \u00f3pticos, y fabricaci\u00f3n y alquiler de equipos&hellip;<\/p>\n","protected":false},"author":1,"featured_media":0,"parent":0,"menu_order":0,"comment_status":"closed","ping_status":"closed","template":"","meta":[],"_links":{"self":[{"href":"https:\/\/www.servicevision.es\/es\/wp-json\/wp\/v2\/pages\/7"}],"collection":[{"href":"https:\/\/www.servicevision.es\/es\/wp-json\/wp\/v2\/pages"}],"about":[{"href":"https:\/\/www.servicevision.es\/es\/wp-json\/wp\/v2\/types\/page"}],"author":[{"embeddable":true,"href":"https:\/\/www.servicevision.es\/es\/wp-json\/wp\/v2\/users\/1"}],"replies":[{"embeddable":true,"href":"https:\/\/www.servicevision.es\/es\/wp-json\/wp\/v2\/comments?post=7"}],"version-history":[{"count":79,"href":"https:\/\/www.servicevision.es\/es\/wp-json\/wp\/v2\/pages\/7\/revisions"}],"predecessor-version":[{"id":2959,"href":"https:\/\/www.servicevision.es\/es\/wp-json\/wp\/v2\/pages\/7\/revisions\/2959"}],"wp:attachment":[{"href":"https:\/\/www.servicevision.es\/es\/wp-json\/wp\/v2\/media?parent=7"}],"curies":[{"name":"wp","href":"https:\/\/api.w.org\/{rel}","templated":true}]}}